{"id":90,"date":"2019-01-05T21:49:24","date_gmt":"2019-01-05T21:49:24","guid":{"rendered":"http:\/\/www.talvililjan.fi\/cattery\/?page_id=90"},"modified":"2019-12-25T22:15:05","modified_gmt":"2019-12-25T22:15:05","slug":"nuppu","status":"publish","type":"page","link":"http:\/\/www.talvililjan.fi\/cattery\/?page_id=90","title":{"rendered":"Nuppu"},"content":{"rendered":"\n<p>IC FI*Celestial&#8217;s Aitoo Asiaa, D.O.B 28.8.2018, RAG f 04 (ruskeakilpikonna mitted)<\/p>\n\n\n\n<figure class=\"wp-block-image\"><img loading=\"lazy\" decoding=\"async\" width=\"900\" height=\"660\" src=\"http:\/\/www.talvililjan.fi\/cattery\/wp-content\/uploads\/2019\/02\/2O8A2983.jpg\" alt=\"\" class=\"wp-image-174\" srcset=\"http:\/\/www.talvililjan.fi\/cattery\/wp-content\/uploads\/2019\/02\/2O8A2983.jpg 900w, http:\/\/www.talvililjan.fi\/cattery\/wp-content\/uploads\/2019\/02\/2O8A2983-300x220.jpg 300w, http:\/\/www.talvililjan.fi\/cattery\/wp-content\/uploads\/2019\/02\/2O8A2983-768x563.jpg 768w\" sizes=\"auto, (max-width: 706px) 89vw, (max-width: 767px) 82vw, 740px\" \/><\/figure>\n\n\n\n<p>Nuppu on meid\u00e4n pikkuinen ilopilleri, todella suloinen tytt\u00f6pentu, joka on leikkis\u00e4 ja t\u00e4ynn\u00e4 tarmoa. T\u00e4m\u00e4 tytt\u00f6 pist\u00e4\u00e4 nuorten kollien p\u00e4\u00e4t py\u00f6r\u00e4lle. Neidill\u00e4 on upean siniset silm\u00e4t.<\/p>\n\n\n\n<figure class=\"wp-block-image\"><img loading=\"lazy\" decoding=\"async\" width=\"560\" height=\"800\" src=\"http:\/\/www.talvililjan.fi\/cattery\/wp-content\/uploads\/2019\/02\/2O8A2987.jpg\" alt=\"\" class=\"wp-image-178\" srcset=\"http:\/\/www.talvililjan.fi\/cattery\/wp-content\/uploads\/2019\/02\/2O8A2987.jpg 560w, http:\/\/www.talvililjan.fi\/cattery\/wp-content\/uploads\/2019\/02\/2O8A2987-210x300.jpg 210w\" sizes=\"auto, (max-width: 560px) 100vw, 560px\" \/><\/figure>\n\n\n\n<p>Vaikka Nuppu ei ole n\u00e4yttelykissa, k\u00e4ymme h\u00e4nen kanssaan kokemuksen vuoksi muutamissa n\u00e4yttelyss\u00e4. H\u00e4nell\u00e4 on todella upea luonne. <\/p>\n\n\n\n<figure class=\"wp-block-image\"><img loading=\"lazy\" decoding=\"async\" width=\"900\" height=\"660\" src=\"http:\/\/www.talvililjan.fi\/cattery\/wp-content\/uploads\/2019\/02\/2O8A2982.jpg\" alt=\"\" class=\"wp-image-173\" srcset=\"http:\/\/www.talvililjan.fi\/cattery\/wp-content\/uploads\/2019\/02\/2O8A2982.jpg 900w, http:\/\/www.talvililjan.fi\/cattery\/wp-content\/uploads\/2019\/02\/2O8A2982-300x220.jpg 300w, http:\/\/www.talvililjan.fi\/cattery\/wp-content\/uploads\/2019\/02\/2O8A2982-768x563.jpg 768w\" sizes=\"auto, (max-width: 706px) 89vw, (max-width: 767px) 82vw, 740px\" \/><\/figure>\n","protected":false},"excerpt":{"rendered":"<p>IC FI*Celestial&#8217;s Aitoo Asiaa, D.O.B 28.8.2018, RAG f 04 (ruskeakilpikonna mitted) Nuppu on meid\u00e4n pikkuinen ilopilleri, todella suloinen tytt\u00f6pentu, joka on leikkis\u00e4 ja t\u00e4ynn\u00e4 tarmoa. T\u00e4m\u00e4 tytt\u00f6 pist\u00e4\u00e4 nuorten kollien p\u00e4\u00e4t py\u00f6r\u00e4lle. Neidill\u00e4 on upean siniset silm\u00e4t. Vaikka Nuppu ei ole n\u00e4yttelykissa, k\u00e4ymme h\u00e4nen kanssaan kokemuksen vuoksi muutamissa n\u00e4yttelyss\u00e4. H\u00e4nell\u00e4 on todella upea luonne.<\/p>\n","protected":false},"author":1,"featured_media":184,"parent":0,"menu_order":0,"comment_status":"closed","ping_status":"closed","template":"","meta":{"footnotes":""},"class_list":["post-90","page","type-page","status-publish","has-post-thumbnail","hentry"],"_links":{"self":[{"href":"http:\/\/www.talvililjan.fi\/cattery\/index.php?rest_route=\/wp\/v2\/pages\/90","targetHints":{"allow":["GET"]}}],"collection":[{"href":"http:\/\/www.talvililjan.fi\/cattery\/index.php?rest_route=\/wp\/v2\/pages"}],"about":[{"href":"http:\/\/www.talvililjan.fi\/cattery\/index.php?rest_route=\/wp\/v2\/types\/page"}],"author":[{"embeddable":true,"href":"http:\/\/www.talvililjan.fi\/cattery\/index.php?rest_route=\/wp\/v2\/users\/1"}],"replies":[{"embeddable":true,"href":"http:\/\/www.talvililjan.fi\/cattery\/index.php?rest_route=%2Fwp%2Fv2%2Fcomments&post=90"}],"version-history":[{"count":12,"href":"http:\/\/www.talvililjan.fi\/cattery\/index.php?rest_route=\/wp\/v2\/pages\/90\/revisions"}],"predecessor-version":[{"id":315,"href":"http:\/\/www.talvililjan.fi\/cattery\/index.php?rest_route=\/wp\/v2\/pages\/90\/revisions\/315"}],"wp:featuredmedia":[{"embeddable":true,"href":"http:\/\/www.talvililjan.fi\/cattery\/index.php?rest_route=\/wp\/v2\/media\/184"}],"wp:attachment":[{"href":"http:\/\/www.talvililjan.fi\/cattery\/index.php?rest_route=%2Fwp%2Fv2%2Fmedia&parent=90"}],"curies":[{"name":"wp","href":"https:\/\/api.w.org\/{rel}","templated":true}]}}