{"id":87,"date":"2019-01-05T21:49:24","date_gmt":"2019-01-05T21:49:24","guid":{"rendered":"http:\/\/www.talvililjan.fi\/cattery\/?page_id=87"},"modified":"2019-12-25T22:17:44","modified_gmt":"2019-12-25T22:17:44","slug":"nalle","status":"publish","type":"page","link":"http:\/\/www.talvililjan.fi\/cattery\/?page_id=87","title":{"rendered":"Nalle"},"content":{"rendered":"\n<p>PR FI*Helmikeijun Granite Pearl. D.O.B 11.3.2018, RAG a 04 (sininen mitted) <\/p>\n\n\n\n<p>Nallen rakastaa ruokaa, leikkimist\u00e4 ja lintujen bongausta (mieluiten ulkotarhassa). Nalle on velje\u00e4\u00e4n (Nugettia) hieman kookkaampi, vaikkakin solakamman n\u00e4k\u00f6inen. Painoa t\u00e4ll\u00e4 pojalla on jo 6kg<\/p>\n\n\n\n<figure class=\"wp-block-image\"><img loading=\"lazy\" decoding=\"async\" width=\"900\" height=\"630\" src=\"http:\/\/www.talvililjan.fi\/cattery\/wp-content\/uploads\/2019\/02\/2O8A3035.jpg\" alt=\"\" class=\"wp-image-191\" srcset=\"http:\/\/www.talvililjan.fi\/cattery\/wp-content\/uploads\/2019\/02\/2O8A3035.jpg 900w, http:\/\/www.talvililjan.fi\/cattery\/wp-content\/uploads\/2019\/02\/2O8A3035-300x210.jpg 300w, http:\/\/www.talvililjan.fi\/cattery\/wp-content\/uploads\/2019\/02\/2O8A3035-768x538.jpg 768w\" sizes=\"auto, (max-width: 706px) 89vw, (max-width: 767px) 82vw, 740px\" \/><\/figure>\n\n\n\n<figure class=\"wp-block-image\"><img loading=\"lazy\" decoding=\"async\" width=\"587\" height=\"800\" src=\"http:\/\/www.talvililjan.fi\/cattery\/wp-content\/uploads\/2019\/02\/2O8A3014.jpg\" alt=\"\" class=\"wp-image-190\" srcset=\"http:\/\/www.talvililjan.fi\/cattery\/wp-content\/uploads\/2019\/02\/2O8A3014.jpg 587w, http:\/\/www.talvililjan.fi\/cattery\/wp-content\/uploads\/2019\/02\/2O8A3014-220x300.jpg 220w\" sizes=\"auto, (max-width: 587px) 100vw, 587px\" \/><\/figure>\n\n\n\n<figure class=\"wp-block-image\"><img loading=\"lazy\" decoding=\"async\" width=\"587\" height=\"800\" src=\"http:\/\/www.talvililjan.fi\/cattery\/wp-content\/uploads\/2019\/02\/2O8A3012.jpg\" alt=\"\" class=\"wp-image-189\" srcset=\"http:\/\/www.talvililjan.fi\/cattery\/wp-content\/uploads\/2019\/02\/2O8A3012.jpg 587w, http:\/\/www.talvililjan.fi\/cattery\/wp-content\/uploads\/2019\/02\/2O8A3012-220x300.jpg 220w\" sizes=\"auto, (max-width: 587px) 100vw, 587px\" \/><\/figure>\n\n\n\n<figure class=\"wp-block-image\"><img loading=\"lazy\" decoding=\"async\" width=\"1024\" height=\"683\" src=\"http:\/\/www.talvililjan.fi\/cattery\/wp-content\/uploads\/2019\/01\/LRM_EXPORT_20180701_154719-1024x683.jpg\" alt=\"\" class=\"wp-image-134\" srcset=\"http:\/\/www.talvililjan.fi\/cattery\/wp-content\/uploads\/2019\/01\/LRM_EXPORT_20180701_154719-1024x683.jpg 1024w, http:\/\/www.talvililjan.fi\/cattery\/wp-content\/uploads\/2019\/01\/LRM_EXPORT_20180701_154719-300x200.jpg 300w, http:\/\/www.talvililjan.fi\/cattery\/wp-content\/uploads\/2019\/01\/LRM_EXPORT_20180701_154719-768x512.jpg 768w\" sizes=\"auto, (max-width: 706px) 89vw, (max-width: 767px) 82vw, 740px\" \/><figcaption>Kuva Sanna Jaakkola <\/figcaption><\/figure>\n\n\n\n<figure class=\"wp-block-image\"><img loading=\"lazy\" decoding=\"async\" width=\"768\" height=\"1024\" src=\"http:\/\/www.talvililjan.fi\/cattery\/wp-content\/uploads\/2019\/01\/IMG_20180701_211928-768x1024.jpg\" alt=\"\" class=\"wp-image-135\" srcset=\"http:\/\/www.talvililjan.fi\/cattery\/wp-content\/uploads\/2019\/01\/IMG_20180701_211928-768x1024.jpg 768w, http:\/\/www.talvililjan.fi\/cattery\/wp-content\/uploads\/2019\/01\/IMG_20180701_211928-225x300.jpg 225w\" sizes=\"auto, (max-width: 706px) 89vw, (max-width: 767px) 82vw, 740px\" \/><figcaption>Kuva Sanna Jaakkola <\/figcaption><\/figure>\n\n\n\n<p>Nallen otemme usein mukaan n\u00e4yttelyihin veljens\u00e4 seuraksi. <\/p>\n","protected":false},"excerpt":{"rendered":"<p>PR FI*Helmikeijun Granite Pearl. D.O.B 11.3.2018, RAG a 04 (sininen mitted) Nallen rakastaa ruokaa, leikkimist\u00e4 ja lintujen bongausta (mieluiten ulkotarhassa). Nalle on velje\u00e4\u00e4n (Nugettia) hieman kookkaampi, vaikkakin solakamman n\u00e4k\u00f6inen. Painoa t\u00e4ll\u00e4 pojalla on jo 6kg Nallen otemme usein mukaan n\u00e4yttelyihin veljens\u00e4 seuraksi.<\/p>\n","protected":false},"author":1,"featured_media":0,"parent":0,"menu_order":0,"comment_status":"closed","ping_status":"closed","template":"","meta":{"footnotes":""},"class_list":["post-87","page","type-page","status-publish","hentry"],"_links":{"self":[{"href":"http:\/\/www.talvililjan.fi\/cattery\/index.php?rest_route=\/wp\/v2\/pages\/87","targetHints":{"allow":["GET"]}}],"collection":[{"href":"http:\/\/www.talvililjan.fi\/cattery\/index.php?rest_route=\/wp\/v2\/pages"}],"about":[{"href":"http:\/\/www.talvililjan.fi\/cattery\/index.php?rest_route=\/wp\/v2\/types\/page"}],"author":[{"embeddable":true,"href":"http:\/\/www.talvililjan.fi\/cattery\/index.php?rest_route=\/wp\/v2\/users\/1"}],"replies":[{"embeddable":true,"href":"http:\/\/www.talvililjan.fi\/cattery\/index.php?rest_route=%2Fwp%2Fv2%2Fcomments&post=87"}],"version-history":[{"count":9,"href":"http:\/\/www.talvililjan.fi\/cattery\/index.php?rest_route=\/wp\/v2\/pages\/87\/revisions"}],"predecessor-version":[{"id":317,"href":"http:\/\/www.talvililjan.fi\/cattery\/index.php?rest_route=\/wp\/v2\/pages\/87\/revisions\/317"}],"wp:attachment":[{"href":"http:\/\/www.talvililjan.fi\/cattery\/index.php?rest_route=%2Fwp%2Fv2%2Fmedia&parent=87"}],"curies":[{"name":"wp","href":"https:\/\/api.w.org\/{rel}","templated":true}]}}