{"id":86,"date":"2019-01-05T21:49:24","date_gmt":"2019-01-05T21:49:24","guid":{"rendered":"http:\/\/www.talvililjan.fi\/cattery\/?page_id=86"},"modified":"2019-01-08T20:09:47","modified_gmt":"2019-01-08T20:09:47","slug":"kollit","status":"publish","type":"page","link":"http:\/\/www.talvililjan.fi\/cattery\/?page_id=86","title":{"rendered":"Kollit"},"content":{"rendered":"\n<figure class=\"wp-block-image\"><img loading=\"lazy\" decoding=\"async\" width=\"768\" height=\"1024\" src=\"http:\/\/www.talvililjan.fi\/cattery\/wp-content\/uploads\/2019\/01\/IMG_20180710_235434-768x1024.jpg\" alt=\"\" class=\"wp-image-138\" srcset=\"http:\/\/www.talvililjan.fi\/cattery\/wp-content\/uploads\/2019\/01\/IMG_20180710_235434-768x1024.jpg 768w, http:\/\/www.talvililjan.fi\/cattery\/wp-content\/uploads\/2019\/01\/IMG_20180710_235434-225x300.jpg 225w\" sizes=\"auto, (max-width: 706px) 89vw, (max-width: 767px) 82vw, 740px\" \/><figcaption>Kes\u00e4inen k\u00e4rryajelu, kyydiss\u00e4 Nalle ja Nugetti. Kuva Sanna Jaakkola <\/figcaption><\/figure>\n","protected":false},"excerpt":{"rendered":"","protected":false},"author":1,"featured_media":0,"parent":0,"menu_order":0,"comment_status":"closed","ping_status":"closed","template":"","meta":{"footnotes":""},"class_list":["post-86","page","type-page","status-publish","hentry"],"_links":{"self":[{"href":"http:\/\/www.talvililjan.fi\/cattery\/index.php?rest_route=\/wp\/v2\/pages\/86","targetHints":{"allow":["GET"]}}],"collection":[{"href":"http:\/\/www.talvililjan.fi\/cattery\/index.php?rest_route=\/wp\/v2\/pages"}],"about":[{"href":"http:\/\/www.talvililjan.fi\/cattery\/index.php?rest_route=\/wp\/v2\/types\/page"}],"author":[{"embeddable":true,"href":"http:\/\/www.talvililjan.fi\/cattery\/index.php?rest_route=\/wp\/v2\/users\/1"}],"replies":[{"embeddable":true,"href":"http:\/\/www.talvililjan.fi\/cattery\/index.php?rest_route=%2Fwp%2Fv2%2Fcomments&post=86"}],"version-history":[{"count":3,"href":"http:\/\/www.talvililjan.fi\/cattery\/index.php?rest_route=\/wp\/v2\/pages\/86\/revisions"}],"predecessor-version":[{"id":150,"href":"http:\/\/www.talvililjan.fi\/cattery\/index.php?rest_route=\/wp\/v2\/pages\/86\/revisions\/150"}],"wp:attachment":[{"href":"http:\/\/www.talvililjan.fi\/cattery\/index.php?rest_route=%2Fwp%2Fv2%2Fmedia&parent=86"}],"curies":[{"name":"wp","href":"https:\/\/api.w.org\/{rel}","templated":true}]}}