{"id":398,"date":"2020-07-12T14:11:41","date_gmt":"2020-07-12T14:11:41","guid":{"rendered":"http:\/\/www.talvililjan.fi\/cattery\/?page_id=398"},"modified":"2020-07-12T14:11:42","modified_gmt":"2020-07-12T14:11:42","slug":"fitalvililjan-waiting-for-love-minni","status":"publish","type":"page","link":"http:\/\/www.talvililjan.fi\/cattery\/?page_id=398","title":{"rendered":"FI*Talvililjan Waiting For Love, &#8217;Minni&#8217;"},"content":{"rendered":"\n<p>Minni on meid\u00e4n ensimm\u00e4isest\u00e4 pentueesta. H\u00e4n j\u00e4i kotiin kasvamaan ja jatkamaan \u00e4itins\u00e4 linjaa. H\u00e4n on meid\u00e4n ensimm\u00e4inen ensimm\u00e4inen bicolor Ragdoll. <\/p>\n\n\n\n<figure class=\"wp-block-image\"><img loading=\"lazy\" decoding=\"async\" width=\"1024\" height=\"1024\" src=\"http:\/\/www.talvililjan.fi\/cattery\/wp-content\/uploads\/2020\/07\/IMG_20200710_153134-1024x1024.jpg\" alt=\"\" class=\"wp-image-399\" srcset=\"http:\/\/www.talvililjan.fi\/cattery\/wp-content\/uploads\/2020\/07\/IMG_20200710_153134-1024x1024.jpg 1024w, http:\/\/www.talvililjan.fi\/cattery\/wp-content\/uploads\/2020\/07\/IMG_20200710_153134-150x150.jpg 150w, http:\/\/www.talvililjan.fi\/cattery\/wp-content\/uploads\/2020\/07\/IMG_20200710_153134-300x300.jpg 300w, http:\/\/www.talvililjan.fi\/cattery\/wp-content\/uploads\/2020\/07\/IMG_20200710_153134-768x768.jpg 768w, http:\/\/www.talvililjan.fi\/cattery\/wp-content\/uploads\/2020\/07\/IMG_20200710_153134-100x100.jpg 100w\" sizes=\"auto, (max-width: 706px) 89vw, (max-width: 767px) 82vw, 740px\" \/><figcaption>FI*Talvililjan Waiting For Love (RAG f 03)<\/figcaption><\/figure>\n","protected":false},"excerpt":{"rendered":"<p>Minni on meid\u00e4n ensimm\u00e4isest\u00e4 pentueesta. H\u00e4n j\u00e4i kotiin kasvamaan ja jatkamaan \u00e4itins\u00e4 linjaa. H\u00e4n on meid\u00e4n ensimm\u00e4inen ensimm\u00e4inen bicolor Ragdoll.<\/p>\n","protected":false},"author":1,"featured_media":0,"parent":0,"menu_order":0,"comment_status":"closed","ping_status":"closed","template":"","meta":{"footnotes":""},"class_list":["post-398","page","type-page","status-publish","hentry"],"_links":{"self":[{"href":"http:\/\/www.talvililjan.fi\/cattery\/index.php?rest_route=\/wp\/v2\/pages\/398","targetHints":{"allow":["GET"]}}],"collection":[{"href":"http:\/\/www.talvililjan.fi\/cattery\/index.php?rest_route=\/wp\/v2\/pages"}],"about":[{"href":"http:\/\/www.talvililjan.fi\/cattery\/index.php?rest_route=\/wp\/v2\/types\/page"}],"author":[{"embeddable":true,"href":"http:\/\/www.talvililjan.fi\/cattery\/index.php?rest_route=\/wp\/v2\/users\/1"}],"replies":[{"embeddable":true,"href":"http:\/\/www.talvililjan.fi\/cattery\/index.php?rest_route=%2Fwp%2Fv2%2Fcomments&post=398"}],"version-history":[{"count":1,"href":"http:\/\/www.talvililjan.fi\/cattery\/index.php?rest_route=\/wp\/v2\/pages\/398\/revisions"}],"predecessor-version":[{"id":400,"href":"http:\/\/www.talvililjan.fi\/cattery\/index.php?rest_route=\/wp\/v2\/pages\/398\/revisions\/400"}],"wp:attachment":[{"href":"http:\/\/www.talvililjan.fi\/cattery\/index.php?rest_route=%2Fwp%2Fv2%2Fmedia&parent=398"}],"curies":[{"name":"wp","href":"https:\/\/api.w.org\/{rel}","templated":true}]}}