{"id":393,"date":"2020-07-12T13:58:08","date_gmt":"2020-07-12T13:58:08","guid":{"rendered":"http:\/\/www.talvililjan.fi\/cattery\/?page_id=393"},"modified":"2020-07-12T14:15:38","modified_gmt":"2020-07-12T14:15:38","slug":"mikki","status":"publish","type":"page","link":"http:\/\/www.talvililjan.fi\/cattery\/?page_id=393","title":{"rendered":"FI*Talvililjan Hey Brother, &#8217;Mikki&#8217;"},"content":{"rendered":"\n<p>Mikki on meid\u00e4n ensimm\u00e4isest\u00e4 pentueesta. Mikille etsimme alunperin lemmikki kotia korona-arjen keskell\u00e4. Monta ihanaa kotia h\u00e4nelle olikin tarjolla eri puolilta Suomea. Lapsemme kuitenkin kiintyiv\u00e4t t\u00e4h\u00e4n poikaan niin kovasti, ett\u00e4 h\u00e4n sai j\u00e4\u00e4d\u00e4 meid\u00e4n lemmikiksi. <\/p>\n\n\n\n<figure class=\"wp-block-image\"><img loading=\"lazy\" decoding=\"async\" width=\"785\" height=\"1024\" src=\"http:\/\/www.talvililjan.fi\/cattery\/wp-content\/uploads\/2020\/04\/IMG_20200317_141413-785x1024.jpg\" alt=\"\" class=\"wp-image-352\" srcset=\"http:\/\/www.talvililjan.fi\/cattery\/wp-content\/uploads\/2020\/04\/IMG_20200317_141413-785x1024.jpg 785w, http:\/\/www.talvililjan.fi\/cattery\/wp-content\/uploads\/2020\/04\/IMG_20200317_141413-230x300.jpg 230w, http:\/\/www.talvililjan.fi\/cattery\/wp-content\/uploads\/2020\/04\/IMG_20200317_141413-768x1002.jpg 768w, http:\/\/www.talvililjan.fi\/cattery\/wp-content\/uploads\/2020\/04\/IMG_20200317_141413.jpg 1895w\" sizes=\"auto, (max-width: 706px) 89vw, (max-width: 767px) 82vw, 740px\" \/><\/figure>\n\n\n\n<p>Mikki tulee todenn\u00e4k\u00f6isesti osallistumaan ainakin muutamiin n\u00e4yttelyihin. H\u00e4n on meid\u00e4n ensimm\u00e4inen Cremen v\u00e4rinen kissa, joten saan samalla kokemusta punas\u00e4vyisten turkkien laittamisesta n\u00e4yttelykuntoon<\/p>\n","protected":false},"excerpt":{"rendered":"<p>Mikki on meid\u00e4n ensimm\u00e4isest\u00e4 pentueesta. Mikille etsimme alunperin lemmikki kotia korona-arjen keskell\u00e4. Monta ihanaa kotia h\u00e4nelle olikin tarjolla eri puolilta Suomea. Lapsemme kuitenkin kiintyiv\u00e4t t\u00e4h\u00e4n poikaan niin kovasti, ett\u00e4 h\u00e4n sai j\u00e4\u00e4d\u00e4 meid\u00e4n lemmikiksi. Mikki tulee todenn\u00e4k\u00f6isesti osallistumaan ainakin muutamiin n\u00e4yttelyihin. H\u00e4n on meid\u00e4n ensimm\u00e4inen Cremen v\u00e4rinen kissa, joten saan samalla kokemusta punas\u00e4vyisten turkkien laittamisesta &hellip; <\/p>\n<p class=\"link-more\"><a href=\"http:\/\/www.talvililjan.fi\/cattery\/?page_id=393\" class=\"more-link\">Jatka lukemista<span class=\"screen-reader-text\"> &#8221;FI*Talvililjan Hey Brother, &#8217;Mikki&#8217;&#8221;<\/span><\/a><\/p>\n","protected":false},"author":1,"featured_media":0,"parent":0,"menu_order":0,"comment_status":"closed","ping_status":"closed","template":"","meta":{"footnotes":""},"class_list":["post-393","page","type-page","status-publish","hentry"],"_links":{"self":[{"href":"http:\/\/www.talvililjan.fi\/cattery\/index.php?rest_route=\/wp\/v2\/pages\/393","targetHints":{"allow":["GET"]}}],"collection":[{"href":"http:\/\/www.talvililjan.fi\/cattery\/index.php?rest_route=\/wp\/v2\/pages"}],"about":[{"href":"http:\/\/www.talvililjan.fi\/cattery\/index.php?rest_route=\/wp\/v2\/types\/page"}],"author":[{"embeddable":true,"href":"http:\/\/www.talvililjan.fi\/cattery\/index.php?rest_route=\/wp\/v2\/users\/1"}],"replies":[{"embeddable":true,"href":"http:\/\/www.talvililjan.fi\/cattery\/index.php?rest_route=%2Fwp%2Fv2%2Fcomments&post=393"}],"version-history":[{"count":3,"href":"http:\/\/www.talvililjan.fi\/cattery\/index.php?rest_route=\/wp\/v2\/pages\/393\/revisions"}],"predecessor-version":[{"id":402,"href":"http:\/\/www.talvililjan.fi\/cattery\/index.php?rest_route=\/wp\/v2\/pages\/393\/revisions\/402"}],"wp:attachment":[{"href":"http:\/\/www.talvililjan.fi\/cattery\/index.php?rest_route=%2Fwp%2Fv2%2Fmedia&parent=393"}],"curies":[{"name":"wp","href":"https:\/\/api.w.org\/{rel}","templated":true}]}}