{"id":355,"date":"2020-06-20T14:51:24","date_gmt":"2020-06-20T14:51:24","guid":{"rendered":"http:\/\/www.talvililjan.fi\/cattery\/?page_id=355"},"modified":"2020-07-07T21:15:00","modified_gmt":"2020-07-07T21:15:00","slug":"b-pentue-d-o-b-20-6-2020","status":"publish","type":"page","link":"http:\/\/www.talvililjan.fi\/cattery\/?page_id=355","title":{"rendered":"B-pentue D.O.B 20.6.2020"},"content":{"rendered":"\n<table class=\"wp-block-table\"><tbody><tr><td>Is\u00e4<br>SE*Mollydoll&#8217;s Bernard Of Tofslan<br> <br>Emo<br>FI*Celestial&#8217;s Pheobe Gu <\/td><\/tr><\/tbody><\/table>\n\n\n\n<figure class=\"wp-block-image\"><img loading=\"lazy\" decoding=\"async\" width=\"1024\" height=\"768\" src=\"http:\/\/www.talvililjan.fi\/cattery\/wp-content\/uploads\/2020\/06\/IMG_20200620_141347_776-1024x768.jpg\" alt=\"\" class=\"wp-image-356\" srcset=\"http:\/\/www.talvililjan.fi\/cattery\/wp-content\/uploads\/2020\/06\/IMG_20200620_141347_776-1024x768.jpg 1024w, http:\/\/www.talvililjan.fi\/cattery\/wp-content\/uploads\/2020\/06\/IMG_20200620_141347_776-300x225.jpg 300w, http:\/\/www.talvililjan.fi\/cattery\/wp-content\/uploads\/2020\/06\/IMG_20200620_141347_776-768x576.jpg 768w\" sizes=\"auto, (max-width: 706px) 89vw, (max-width: 767px) 82vw, 740px\" \/><\/figure>\n\n\n\n<p>Kuusi pontevaa palleroa, kolme tytt\u00f6\u00e4 ja kolme poikaa. <\/p>\n\n\n\n<p>Pennut ovat v\u00e4rilt\u00e4\u00e4n sinisi\u00e4 tai ruskeita (bicolor, mitted ja colorpoint). <\/p>\n\n\n\n<p>Yhteydenotot s\u00e4hk\u00f6postilla kissala@talvililjan.fi<\/p>\n\n\n\n<figure class=\"wp-block-image\"><img loading=\"lazy\" decoding=\"async\" width=\"779\" height=\"779\" src=\"http:\/\/www.talvililjan.fi\/cattery\/wp-content\/uploads\/2020\/07\/IMG_20200704_220623.jpg\" alt=\"\" class=\"wp-image-382\" srcset=\"http:\/\/www.talvililjan.fi\/cattery\/wp-content\/uploads\/2020\/07\/IMG_20200704_220623.jpg 779w, http:\/\/www.talvililjan.fi\/cattery\/wp-content\/uploads\/2020\/07\/IMG_20200704_220623-150x150.jpg 150w, http:\/\/www.talvililjan.fi\/cattery\/wp-content\/uploads\/2020\/07\/IMG_20200704_220623-300x300.jpg 300w, http:\/\/www.talvililjan.fi\/cattery\/wp-content\/uploads\/2020\/07\/IMG_20200704_220623-768x768.jpg 768w, http:\/\/www.talvililjan.fi\/cattery\/wp-content\/uploads\/2020\/07\/IMG_20200704_220623-100x100.jpg 100w\" sizes=\"auto, (max-width: 706px) 89vw, (max-width: 767px) 82vw, 740px\" \/><figcaption>FI*Talvililjan The One <br>Tytt\u00f6, sininaamio mitted (RAG a 04) <br><\/figcaption><\/figure>\n\n\n\n<figure class=\"wp-block-image\"><img loading=\"lazy\" decoding=\"async\" width=\"768\" height=\"1024\" src=\"http:\/\/www.talvililjan.fi\/cattery\/wp-content\/uploads\/2020\/07\/IMG_20200706_200052-768x1024.jpg\" alt=\"\" class=\"wp-image-379\" srcset=\"http:\/\/www.talvililjan.fi\/cattery\/wp-content\/uploads\/2020\/07\/IMG_20200706_200052-768x1024.jpg 768w, http:\/\/www.talvililjan.fi\/cattery\/wp-content\/uploads\/2020\/07\/IMG_20200706_200052-225x300.jpg 225w\" sizes=\"auto, (max-width: 706px) 89vw, (max-width: 767px) 82vw, 740px\" \/><figcaption>FI*Talvililjan Feels Like Home <br>Poika, ruskeanaamio mitted (RAG n 04)<br><\/figcaption><\/figure>\n\n\n\n<figure class=\"wp-block-image\"><img loading=\"lazy\" decoding=\"async\" width=\"768\" height=\"1024\" src=\"http:\/\/www.talvililjan.fi\/cattery\/wp-content\/uploads\/2020\/07\/IMG_20200705_184433-768x1024.jpg\" alt=\"\" class=\"wp-image-381\" srcset=\"http:\/\/www.talvililjan.fi\/cattery\/wp-content\/uploads\/2020\/07\/IMG_20200705_184433-768x1024.jpg 768w, http:\/\/www.talvililjan.fi\/cattery\/wp-content\/uploads\/2020\/07\/IMG_20200705_184433-225x300.jpg 225w\" sizes=\"auto, (max-width: 706px) 89vw, (max-width: 767px) 82vw, 740px\" \/><figcaption>FI*Talvililjan One In A Million <br>Tytt\u00f6, ruskeanaamio bicolor (RAG n 03)<br><\/figcaption><\/figure>\n\n\n\n<figure class=\"wp-block-image\"><img loading=\"lazy\" decoding=\"async\" width=\"1024\" height=\"1024\" src=\"http:\/\/www.talvililjan.fi\/cattery\/wp-content\/uploads\/2020\/07\/IMG_20200708_000516-1-1024x1024.jpg\" alt=\"\" class=\"wp-image-388\" srcset=\"http:\/\/www.talvililjan.fi\/cattery\/wp-content\/uploads\/2020\/07\/IMG_20200708_000516-1-1024x1024.jpg 1024w, http:\/\/www.talvililjan.fi\/cattery\/wp-content\/uploads\/2020\/07\/IMG_20200708_000516-1-150x150.jpg 150w, http:\/\/www.talvililjan.fi\/cattery\/wp-content\/uploads\/2020\/07\/IMG_20200708_000516-1-300x300.jpg 300w, http:\/\/www.talvililjan.fi\/cattery\/wp-content\/uploads\/2020\/07\/IMG_20200708_000516-1-768x768.jpg 768w, http:\/\/www.talvililjan.fi\/cattery\/wp-content\/uploads\/2020\/07\/IMG_20200708_000516-1-100x100.jpg 100w\" sizes=\"auto, (max-width: 706px) 89vw, (max-width: 767px) 82vw, 740px\" \/><figcaption>FI*Talvililjan Treat Me Right <br>Poika, sininaamio mitted (RAG a 04)<br><\/figcaption><\/figure>\n\n\n\n<figure class=\"wp-block-image\"><img loading=\"lazy\" decoding=\"async\" width=\"1024\" height=\"1024\" src=\"http:\/\/www.talvililjan.fi\/cattery\/wp-content\/uploads\/2020\/07\/IMG_20200704_185532-1024x1024.jpg\" alt=\"\" class=\"wp-image-380\" srcset=\"http:\/\/www.talvililjan.fi\/cattery\/wp-content\/uploads\/2020\/07\/IMG_20200704_185532-1024x1024.jpg 1024w, http:\/\/www.talvililjan.fi\/cattery\/wp-content\/uploads\/2020\/07\/IMG_20200704_185532-150x150.jpg 150w, http:\/\/www.talvililjan.fi\/cattery\/wp-content\/uploads\/2020\/07\/IMG_20200704_185532-300x300.jpg 300w, http:\/\/www.talvililjan.fi\/cattery\/wp-content\/uploads\/2020\/07\/IMG_20200704_185532-768x767.jpg 768w, http:\/\/www.talvililjan.fi\/cattery\/wp-content\/uploads\/2020\/07\/IMG_20200704_185532-100x100.jpg 100w\" sizes=\"auto, (max-width: 706px) 89vw, (max-width: 767px) 82vw, 740px\" \/><figcaption>FI*Talvililjan Nobody Else<br>Tytt\u00f6, ruskeanaamio colorpoint (RAG n)<br><\/figcaption><\/figure>\n\n\n\n<figure class=\"wp-block-image\"><img loading=\"lazy\" decoding=\"async\" width=\"768\" height=\"1024\" src=\"http:\/\/www.talvililjan.fi\/cattery\/wp-content\/uploads\/2020\/07\/IMG_20200705_184326-768x1024.jpg\" alt=\"\" class=\"wp-image-378\" srcset=\"http:\/\/www.talvililjan.fi\/cattery\/wp-content\/uploads\/2020\/07\/IMG_20200705_184326-768x1024.jpg 768w, http:\/\/www.talvililjan.fi\/cattery\/wp-content\/uploads\/2020\/07\/IMG_20200705_184326-225x300.jpg 225w\" sizes=\"auto, (max-width: 706px) 89vw, (max-width: 767px) 82vw, 740px\" \/><figcaption>FI*Talvililjan Let It Be Me<br>Poika, ruskeanaamio mitted (RAG n 04)<br><\/figcaption><\/figure>\n\n\n\n<ul class=\"wp-block-gallery columns-0 is-cropped wp-block-gallery-1 is-layout-flex wp-block-gallery-is-layout-flex\"><\/ul>\n\n\n\n<p><\/p>\n","protected":false},"excerpt":{"rendered":"<p>Is\u00e4SE*Mollydoll&#8217;s Bernard Of Tofslan EmoFI*Celestial&#8217;s Pheobe Gu Kuusi pontevaa palleroa, kolme tytt\u00f6\u00e4 ja kolme poikaa. Pennut ovat v\u00e4rilt\u00e4\u00e4n sinisi\u00e4 tai ruskeita (bicolor, mitted ja colorpoint). Yhteydenotot s\u00e4hk\u00f6postilla kissala@talvililjan.fi<\/p>\n","protected":false},"author":1,"featured_media":0,"parent":0,"menu_order":0,"comment_status":"closed","ping_status":"closed","template":"","meta":{"footnotes":""},"class_list":["post-355","page","type-page","status-publish","hentry"],"_links":{"self":[{"href":"http:\/\/www.talvililjan.fi\/cattery\/index.php?rest_route=\/wp\/v2\/pages\/355","targetHints":{"allow":["GET"]}}],"collection":[{"href":"http:\/\/www.talvililjan.fi\/cattery\/index.php?rest_route=\/wp\/v2\/pages"}],"about":[{"href":"http:\/\/www.talvililjan.fi\/cattery\/index.php?rest_route=\/wp\/v2\/types\/page"}],"author":[{"embeddable":true,"href":"http:\/\/www.talvililjan.fi\/cattery\/index.php?rest_route=\/wp\/v2\/users\/1"}],"replies":[{"embeddable":true,"href":"http:\/\/www.talvililjan.fi\/cattery\/index.php?rest_route=%2Fwp%2Fv2%2Fcomments&post=355"}],"version-history":[{"count":8,"href":"http:\/\/www.talvililjan.fi\/cattery\/index.php?rest_route=\/wp\/v2\/pages\/355\/revisions"}],"predecessor-version":[{"id":390,"href":"http:\/\/www.talvililjan.fi\/cattery\/index.php?rest_route=\/wp\/v2\/pages\/355\/revisions\/390"}],"wp:attachment":[{"href":"http:\/\/www.talvililjan.fi\/cattery\/index.php?rest_route=%2Fwp%2Fv2%2Fmedia&parent=355"}],"curies":[{"name":"wp","href":"https:\/\/api.w.org\/{rel}","templated":true}]}}