{"id":327,"date":"2020-03-29T21:54:07","date_gmt":"2020-03-29T21:54:07","guid":{"rendered":"http:\/\/www.talvililjan.fi\/cattery\/?page_id=327"},"modified":"2020-06-21T19:40:56","modified_gmt":"2020-06-21T19:40:56","slug":"a-pentue-d-o-b-19-12-2019","status":"publish","type":"page","link":"http:\/\/www.talvililjan.fi\/cattery\/?page_id=327","title":{"rendered":"A-pentue D.O.B 19.12.2019"},"content":{"rendered":"\n<p>A-pentueen pennut ovat jo muuttaneet omiin koteihinsa<\/p>\n\n\n\n<figure class=\"wp-block-image\"><img loading=\"lazy\" decoding=\"async\" width=\"1024\" height=\"536\" src=\"http:\/\/www.talvililjan.fi\/cattery\/wp-content\/uploads\/2019\/12\/IMG_20191217_210359_142-1024x536.jpg\" alt=\"\" class=\"wp-image-303\" srcset=\"http:\/\/www.talvililjan.fi\/cattery\/wp-content\/uploads\/2019\/12\/IMG_20191217_210359_142-1024x536.jpg 1024w, http:\/\/www.talvililjan.fi\/cattery\/wp-content\/uploads\/2019\/12\/IMG_20191217_210359_142-300x157.jpg 300w, http:\/\/www.talvililjan.fi\/cattery\/wp-content\/uploads\/2019\/12\/IMG_20191217_210359_142-768x402.jpg 768w\" sizes=\"auto, (max-width: 706px) 89vw, (max-width: 767px) 82vw, 740px\" \/><\/figure>\n\n\n\n<p>Is\u00e4: Chester Bright Crystall, CZ (RAG n 04) D.O.B 11.11.2016<\/p>\n\n\n\n<p>Emo: IC FI*Celestial&#8217;s Aitoo Asiaa (RAG f 04) D.O.B 28.8.2018 <\/p>\n\n\n\n<ul class=\"wp-block-gallery columns-1 is-cropped wp-block-gallery-1 is-layout-flex wp-block-gallery-is-layout-flex\"><li class=\"blocks-gallery-item\"><figure><img loading=\"lazy\" decoding=\"async\" width=\"1024\" height=\"683\" src=\"http:\/\/www.talvililjan.fi\/cattery\/wp-content\/uploads\/2019\/12\/PSX_20191225_232604-1024x683.jpg\" alt=\"\" data-id=\"305\" data-link=\"http:\/\/www.talvililjan.fi\/cattery\/?attachment_id=305\" class=\"wp-image-305\" srcset=\"http:\/\/www.talvililjan.fi\/cattery\/wp-content\/uploads\/2019\/12\/PSX_20191225_232604-1024x683.jpg 1024w, http:\/\/www.talvililjan.fi\/cattery\/wp-content\/uploads\/2019\/12\/PSX_20191225_232604-300x200.jpg 300w, http:\/\/www.talvililjan.fi\/cattery\/wp-content\/uploads\/2019\/12\/PSX_20191225_232604-768x512.jpg 768w\" sizes=\"auto, (max-width: 706px) 89vw, (max-width: 767px) 82vw, 740px\" \/><figcaption>A-pentue D.O.B 19.12.2019 <\/figcaption><\/figure><\/li><\/ul>\n\n\n\n<p>Pentueen syntyi kuusi pentua, nelj\u00e4 poikaa ja kaksi tytt\u00f6\u00e4. Mahdolliset v\u00e4rit t\u00e4st\u00e4 yhdistelm\u00e4st\u00e4 ovat: sininen, ruskea ja kilpikonnanaamiot tyt\u00f6ill\u00e4 sek\u00e4 punainen ja creme pojilla (bicolor, mitted ja colorpoint) <\/p>\n\n\n\n<p>Linkki pentueen tietoihin <a href=\"http:\/\/kissat.kissaliitto.fi\/perusnaytto_kissa?id=227982\">http:\/\/kissat.kissaliitto.fi\/perusnaytto_kissa?id=227982<\/a><\/p>\n\n\n\n<ul class=\"wp-block-gallery columns-1 is-cropped wp-block-gallery-2 is-layout-flex wp-block-gallery-is-layout-flex\"><li class=\"blocks-gallery-item\"><figure><img loading=\"lazy\" decoding=\"async\" width=\"542\" height=\"1024\" src=\"http:\/\/www.talvililjan.fi\/cattery\/wp-content\/uploads\/2020\/04\/IMG_20200317_141035-542x1024.jpg\" alt=\"\" data-id=\"351\" data-link=\"http:\/\/www.talvililjan.fi\/cattery\/?attachment_id=351\" class=\"wp-image-351\" srcset=\"http:\/\/www.talvililjan.fi\/cattery\/wp-content\/uploads\/2020\/04\/IMG_20200317_141035-542x1024.jpg 542w, http:\/\/www.talvililjan.fi\/cattery\/wp-content\/uploads\/2020\/04\/IMG_20200317_141035-159x300.jpg 159w, http:\/\/www.talvililjan.fi\/cattery\/wp-content\/uploads\/2020\/04\/IMG_20200317_141035-768x1450.jpg 768w, http:\/\/www.talvililjan.fi\/cattery\/wp-content\/uploads\/2020\/04\/IMG_20200317_141035.jpg 1486w\" sizes=\"auto, (max-width: 542px) 100vw, 542px\" \/><figcaption>FI*Talvililjan Hey Brother <\/figcaption><\/figure><\/li><\/ul>\n\n\n\n<p>Talvililjan Hey Brother, tuttavallisemmin Mikki, on v\u00e4ritykselt\u00e4\u00e4n Cremenaamio mitted. <\/p>\n","protected":false},"excerpt":{"rendered":"<p>A-pentueen pennut ovat jo muuttaneet omiin koteihinsa Is\u00e4: Chester Bright Crystall, CZ (RAG n 04) D.O.B 11.11.2016 Emo: IC FI*Celestial&#8217;s Aitoo Asiaa (RAG f 04) D.O.B 28.8.2018 Pentueen syntyi kuusi pentua, nelj\u00e4 poikaa ja kaksi tytt\u00f6\u00e4. Mahdolliset v\u00e4rit t\u00e4st\u00e4 yhdistelm\u00e4st\u00e4 ovat: sininen, ruskea ja kilpikonnanaamiot tyt\u00f6ill\u00e4 sek\u00e4 punainen ja creme pojilla (bicolor, mitted ja colorpoint) &hellip; <\/p>\n<p class=\"link-more\"><a href=\"http:\/\/www.talvililjan.fi\/cattery\/?page_id=327\" class=\"more-link\">Jatka lukemista<span class=\"screen-reader-text\"> &#8221;A-pentue D.O.B 19.12.2019&#8221;<\/span><\/a><\/p>\n","protected":false},"author":1,"featured_media":0,"parent":0,"menu_order":0,"comment_status":"closed","ping_status":"closed","template":"","meta":{"footnotes":""},"class_list":["post-327","page","type-page","status-publish","hentry"],"_links":{"self":[{"href":"http:\/\/www.talvililjan.fi\/cattery\/index.php?rest_route=\/wp\/v2\/pages\/327","targetHints":{"allow":["GET"]}}],"collection":[{"href":"http:\/\/www.talvililjan.fi\/cattery\/index.php?rest_route=\/wp\/v2\/pages"}],"about":[{"href":"http:\/\/www.talvililjan.fi\/cattery\/index.php?rest_route=\/wp\/v2\/types\/page"}],"author":[{"embeddable":true,"href":"http:\/\/www.talvililjan.fi\/cattery\/index.php?rest_route=\/wp\/v2\/users\/1"}],"replies":[{"embeddable":true,"href":"http:\/\/www.talvililjan.fi\/cattery\/index.php?rest_route=%2Fwp%2Fv2%2Fcomments&post=327"}],"version-history":[{"count":6,"href":"http:\/\/www.talvililjan.fi\/cattery\/index.php?rest_route=\/wp\/v2\/pages\/327\/revisions"}],"predecessor-version":[{"id":373,"href":"http:\/\/www.talvililjan.fi\/cattery\/index.php?rest_route=\/wp\/v2\/pages\/327\/revisions\/373"}],"wp:attachment":[{"href":"http:\/\/www.talvililjan.fi\/cattery\/index.php?rest_route=%2Fwp%2Fv2%2Fmedia&parent=327"}],"curies":[{"name":"wp","href":"https:\/\/api.w.org\/{rel}","templated":true}]}}