{"id":164,"date":"2019-01-08T21:57:10","date_gmt":"2019-01-08T21:57:10","guid":{"rendered":"http:\/\/www.talvililjan.fi\/cattery\/?page_id=164"},"modified":"2019-11-17T18:00:14","modified_gmt":"2019-11-17T18:00:14","slug":"talvililjan-kissala","status":"publish","type":"page","link":"http:\/\/www.talvililjan.fi\/cattery\/?page_id=164","title":{"rendered":"Talvililjan kissala"},"content":{"rendered":"\n<p>Ragdoll valikoitui omaksi roduksemme sinisten silmien, pehme\u00e4n turkin ja valloittavan luonteen vuoksi. Useamman vuoden harkinnan j\u00e4lkeen varasimme ensimm\u00e4iset kaksi uros pentua Helmikeijun kissalasta kev\u00e4\u00e4ll\u00e4 2018. Rodun seurallisuuden vuoksi en halunnut ottaa vain yht\u00e4 kissaa.<\/p>\n\n\n\n<p>Kissaliiton j\u00e4rjest\u00e4m\u00e4n kasvattajakurssin suoritin 4\/2018 ja genetiikan syvent\u00e4v\u00e4n muutamaa viikkoa my\u00f6hemmin. Kissaliitto my\u00f6nsi minulle kasvattajanimen, FI*Talvililjan, syksyll\u00e4 2018, siitosurossopimuksen olin solminut jo alkukes\u00e4st\u00e4.<\/p>\n\n\n\n<p>Ensimm\u00e4isen siitosnaaraan hankin ennen joulua 2018<\/p>\n\n\n\n<p><\/p>\n","protected":false},"excerpt":{"rendered":"<p>Ragdoll valikoitui omaksi roduksemme sinisten silmien, pehme\u00e4n turkin ja valloittavan luonteen vuoksi. Useamman vuoden harkinnan j\u00e4lkeen varasimme ensimm\u00e4iset kaksi uros pentua Helmikeijun kissalasta kev\u00e4\u00e4ll\u00e4 2018. Rodun seurallisuuden vuoksi en halunnut ottaa vain yht\u00e4 kissaa. Kissaliiton j\u00e4rjest\u00e4m\u00e4n kasvattajakurssin suoritin 4\/2018 ja genetiikan syvent\u00e4v\u00e4n muutamaa viikkoa my\u00f6hemmin. Kissaliitto my\u00f6nsi minulle kasvattajanimen, FI*Talvililjan, syksyll\u00e4 2018, siitosurossopimuksen olin solminut &hellip; <\/p>\n<p class=\"link-more\"><a href=\"http:\/\/www.talvililjan.fi\/cattery\/?page_id=164\" class=\"more-link\">Jatka lukemista<span class=\"screen-reader-text\"> &#8221;Talvililjan kissala&#8221;<\/span><\/a><\/p>\n","protected":false},"author":1,"featured_media":0,"parent":0,"menu_order":0,"comment_status":"closed","ping_status":"closed","template":"","meta":{"footnotes":""},"class_list":["post-164","page","type-page","status-publish","hentry"],"_links":{"self":[{"href":"http:\/\/www.talvililjan.fi\/cattery\/index.php?rest_route=\/wp\/v2\/pages\/164","targetHints":{"allow":["GET"]}}],"collection":[{"href":"http:\/\/www.talvililjan.fi\/cattery\/index.php?rest_route=\/wp\/v2\/pages"}],"about":[{"href":"http:\/\/www.talvililjan.fi\/cattery\/index.php?rest_route=\/wp\/v2\/types\/page"}],"author":[{"embeddable":true,"href":"http:\/\/www.talvililjan.fi\/cattery\/index.php?rest_route=\/wp\/v2\/users\/1"}],"replies":[{"embeddable":true,"href":"http:\/\/www.talvililjan.fi\/cattery\/index.php?rest_route=%2Fwp%2Fv2%2Fcomments&post=164"}],"version-history":[{"count":3,"href":"http:\/\/www.talvililjan.fi\/cattery\/index.php?rest_route=\/wp\/v2\/pages\/164\/revisions"}],"predecessor-version":[{"id":228,"href":"http:\/\/www.talvililjan.fi\/cattery\/index.php?rest_route=\/wp\/v2\/pages\/164\/revisions\/228"}],"wp:attachment":[{"href":"http:\/\/www.talvililjan.fi\/cattery\/index.php?rest_route=%2Fwp%2Fv2%2Fmedia&parent=164"}],"curies":[{"name":"wp","href":"https:\/\/api.w.org\/{rel}","templated":true}]}}